{"id":145,"date":"2023-09-14T14:23:38","date_gmt":"2023-09-14T12:23:38","guid":{"rendered":"https:\/\/alainlonguet.com\/?page_id=145"},"modified":"2023-09-25T21:30:58","modified_gmt":"2023-09-25T19:30:58","slug":"video","status":"publish","type":"page","link":"https:\/\/alainlonguet.com\/index.php\/video\/","title":{"rendered":"Video"},"content":{"rendered":"<style>.wp-block-kadence-spacer.kt-block-spacer-145_cad77c-23 .kt-block-spacer{height:60px;}.wp-block-kadence-spacer.kt-block-spacer-145_cad77c-23 .kt-divider{border-top-width:1px;height:1px;border-top-color:#eee;width:80%;border-top-style:solid;}<\/style>\n<div class=\"wp-block-kadence-spacer aligncenter kt-block-spacer-145_cad77c-23 kvs-sm-false\"><div class=\"kt-block-spacer kt-block-spacer-halign-center\"><\/div><\/div>\n\n\n\n<figure class=\"wp-block-embed is-type-video is-provider-youtube wp-block-embed-youtube wp-embed-aspect-16-9 wp-has-aspect-ratio\"><div class=\"wp-block-embed__wrapper\">\n<iframe loading=\"lazy\" title=\"Du fleuve je te regarde \/2022\" width=\"720\" height=\"405\" src=\"https:\/\/www.youtube.com\/embed\/iWbiE5uMYn0?feature=oembed\" frameborder=\"0\" allow=\"accelerometer; autoplay; clipboard-write; encrypted-media; gyroscope; picture-in-picture; web-share\" allowfullscreen><\/iframe>\n<\/div><figcaption class=\"wp-element-caption\"><mark style=\"background-color:#ffffff\" class=\"has-inline-color\">Enregistrement d\u2019une performance live vid\u00e9o\/son d&rsquo;Alain Longuet et Nicolas Billon (11min)<\/mark><\/figcaption><\/figure>\n\n\n<style>.wp-block-kadence-spacer.kt-block-spacer-145_4d246d-f4 .kt-block-spacer{height:60px;}.wp-block-kadence-spacer.kt-block-spacer-145_4d246d-f4 .kt-divider{border-top-width:1px;height:1px;border-top-color:#eee;width:80%;border-top-style:solid;}<\/style>\n<div class=\"wp-block-kadence-spacer aligncenter kt-block-spacer-145_4d246d-f4 kvs-sm-false\"><div class=\"kt-block-spacer kt-block-spacer-halign-center\"><\/div><\/div>\n\n\n\n<figure class=\"wp-block-embed is-type-video is-provider-youtube wp-block-embed-youtube wp-embed-aspect-16-9 wp-has-aspect-ratio\"><div class=\"wp-block-embed__wrapper\">\n<iframe loading=\"lazy\" title=\"R\u00e9ciprocals \u00e0 la Nuit Blanche \/2022 Gentilly\" width=\"720\" height=\"405\" src=\"https:\/\/www.youtube.com\/embed\/OU8ljMoC1S8?feature=oembed\" frameborder=\"0\" allow=\"accelerometer; autoplay; clipboard-write; encrypted-media; gyroscope; picture-in-picture; web-share\" allowfullscreen><\/iframe>\n<\/div><figcaption class=\"wp-element-caption\">Le groupe K\/in\u00eatikos en performance avec les costumes de Bernard Bousquet pour la Nuit Blanche 2022 \u00e0 Gentilly (13min)<\/figcaption><\/figure>\n\n\n<style>.wp-block-kadence-spacer.kt-block-spacer-145_af6d59-8b .kt-block-spacer{height:60px;}.wp-block-kadence-spacer.kt-block-spacer-145_af6d59-8b .kt-divider{border-top-width:1px;height:1px;border-top-color:#eee;width:80%;border-top-style:solid;}<\/style>\n<div class=\"wp-block-kadence-spacer aligncenter kt-block-spacer-145_af6d59-8b\"><div class=\"kt-block-spacer kt-block-spacer-halign-center\"><\/div><\/div>\n\n\n\n<figure class=\"wp-block-embed is-type-video is-provider-youtube wp-block-embed-youtube wp-embed-aspect-16-9 wp-has-aspect-ratio\"><div class=\"wp-block-embed__wrapper\">\n<iframe loading=\"lazy\" title=\"Regards \u00e9change\u0301s \/2022\" width=\"720\" height=\"405\" src=\"https:\/\/www.youtube.com\/embed\/qE9OJQrE-2g?feature=oembed\" frameborder=\"0\" allow=\"accelerometer; autoplay; clipboard-write; encrypted-media; gyroscope; picture-in-picture; web-share\" allowfullscreen><\/iframe>\n<\/div><figcaption class=\"wp-element-caption\">Animation en morphing des peintures-regards de Wanda Savy (4min)<\/figcaption><\/figure>\n\n\n<style>.wp-block-kadence-spacer.kt-block-spacer-145_40fa05-26 .kt-block-spacer{height:60px;}.wp-block-kadence-spacer.kt-block-spacer-145_40fa05-26 .kt-divider{border-top-width:1px;height:1px;border-top-color:#eee;width:80%;border-top-style:solid;}<\/style>\n<div class=\"wp-block-kadence-spacer aligncenter kt-block-spacer-145_40fa05-26\"><div class=\"kt-block-spacer kt-block-spacer-halign-center\"><\/div><\/div>\n\n\n\n<figure class=\"wp-block-embed is-type-video is-provider-youtube wp-block-embed-youtube wp-embed-aspect-16-9 wp-has-aspect-ratio\"><div class=\"wp-block-embed__wrapper\">\n<iframe loading=\"lazy\" title=\"Le corps de l&#039;ombre \/2014 St-Merry\" width=\"720\" height=\"405\" src=\"https:\/\/www.youtube.com\/embed\/haqE7-FSPa4?feature=oembed\" frameborder=\"0\" allow=\"accelerometer; autoplay; clipboard-write; encrypted-media; gyroscope; picture-in-picture; web-share\" allowfullscreen><\/iframe>\n<\/div><figcaption class=\"wp-element-caption\">Duo d\u2019Elsa Wolliston (danse) et Luc Blondy (piano)<br>&nbsp;&nbsp;&nbsp;&nbsp;&nbsp;&nbsp;&nbsp;&nbsp;&nbsp;cr\u00e9ation enregistr\u00e9e en 2014 \u00e0 l\u2019Eglise Saint-Merry, Paris (42min)<\/figcaption><\/figure>\n\n\n<style>.wp-block-kadence-spacer.kt-block-spacer-145_6a6298-37 .kt-block-spacer{height:60px;}.wp-block-kadence-spacer.kt-block-spacer-145_6a6298-37 .kt-divider{border-top-width:1px;height:1px;border-top-color:#eee;width:80%;border-top-style:solid;}<\/style>\n<div class=\"wp-block-kadence-spacer aligncenter kt-block-spacer-145_6a6298-37\"><div class=\"kt-block-spacer kt-block-spacer-halign-center\"><\/div><\/div>\n\n\n\n<figure class=\"wp-block-embed is-type-video is-provider-youtube wp-block-embed-youtube wp-embed-aspect-16-9 wp-has-aspect-ratio\"><div class=\"wp-block-embed__wrapper\">\n<iframe loading=\"lazy\" title=\"Vivre commence toujours maintenant \/2013 St-Merry\" width=\"720\" height=\"405\" src=\"https:\/\/www.youtube.com\/embed\/dlTE5XKVsnA?feature=oembed\" frameborder=\"0\" allow=\"accelerometer; autoplay; clipboard-write; encrypted-media; gyroscope; picture-in-picture; web-share\" allowfullscreen><\/iframe>\n<\/div><figcaption class=\"wp-element-caption\">Duo d\u2019Elsa Wolliston (danse) et Luc Blondy (piano),<br>&nbsp;&nbsp;&nbsp;&nbsp;&nbsp;&nbsp;&nbsp;&nbsp;&nbsp;enregistr\u00e9 en 2013 \u00e0 l\u2019Eglise Saint-Merry, Paris (52 min)<\/figcaption><\/figure>\n\n\n\n<figure class=\"wp-block-embed is-type-video is-provider-youtube wp-block-embed-youtube wp-embed-aspect-16-9 wp-has-aspect-ratio\"><div class=\"wp-block-embed__wrapper\">\n<iframe loading=\"lazy\" title=\"Concert Immersif d&#039;Eric Wenger au Cube \/2011\" width=\"720\" height=\"405\" src=\"https:\/\/www.youtube.com\/embed\/DCb0qICQSwM?start=468&#038;feature=oembed\" frameborder=\"0\" allow=\"accelerometer; autoplay; clipboard-write; encrypted-media; gyroscope; picture-in-picture; web-share\" allowfullscreen><\/iframe>\n<\/div><figcaption class=\"wp-element-caption\">Concert Immersif en 3d temps r\u00e9el d&rsquo;Eric Wenger avec Cyberesthesie donn\u00e9 le 7 juin 2011 au Cube. Eric Wenger, le cr\u00e9ateur de Bryce, ArtMatic Voyager et Metasynth a cr\u00e9\u00e9 un espace virtuel qui est \u00e0 la fois univers immersif et instrument de musique. Il nous propose cette exp\u00e9rimentation originale et exceptionnelle, t\u00e9l\u00e9op\u00e9r\u00e9e via iPad avec interactions sensuelles en temps r\u00e9el.<\/figcaption><\/figure>\n\n\n\n<figure class=\"wp-block-embed is-type-video is-provider-youtube wp-block-embed-youtube wp-embed-aspect-16-9 wp-has-aspect-ratio\"><div class=\"wp-block-embed__wrapper\">\n<iframe loading=\"lazy\" title=\"BODYSC4PES \/2011 au G\u00e9n\u00e9rateur\" width=\"720\" height=\"405\" src=\"https:\/\/www.youtube.com\/embed\/eNEfKjLRTDc?start=237&#038;feature=oembed\" frameborder=\"0\" allow=\"accelerometer; autoplay; clipboard-write; encrypted-media; gyroscope; picture-in-picture; web-share\" allowfullscreen><\/iframe>\n<\/div><figcaption class=\"wp-element-caption\">Performance interactive d&rsquo;Aur\u00e9lie Dumaret et Emilie Villemagne, enregistr\u00e9e au G\u00e9n\u00e9rateur durant la Nuit Blanche 2011, en ouverture de la 3\u00e8me \u00e9dition de Frasq. <br>Les images projet\u00e9es sur le corps du performer suivent ses mouvements dans l\u02bcespace gr\u00e2ce aux techniques du tracking 3D infra-rouge et du mapping vid\u00e9o (projection sur volume).<\/figcaption><\/figure>\n\n\n\n<figure class=\"wp-block-embed is-type-video is-provider-youtube wp-block-embed-youtube wp-embed-aspect-16-9 wp-has-aspect-ratio\"><div class=\"wp-block-embed__wrapper\">\n<iframe loading=\"lazy\" title=\"Lefdup &amp; Lefdup aux Trois Baudets \/2010\" width=\"720\" height=\"405\" src=\"https:\/\/www.youtube.com\/embed\/6cZHw3gWOFg?start=17&#038;feature=oembed\" frameborder=\"0\" allow=\"accelerometer; autoplay; clipboard-write; encrypted-media; gyroscope; picture-in-picture; web-share\" allowfullscreen><\/iframe>\n<\/div><figcaption class=\"wp-element-caption\">Le retour de Lefdup &amp; Lefdup sur sc\u00e8ne pour un spectacle exceptionnel donn\u00e9 aux Trois Baudets le 12 nov. 2010 avec une pl\u00e9thore de pointures !<\/figcaption><\/figure>\n","protected":false},"excerpt":{"rendered":"","protected":false},"author":1,"featured_media":0,"parent":0,"menu_order":0,"comment_status":"open","ping_status":"closed","template":"","meta":{"_eb_attr":"","_kadence_starter_templates_imported_post":false,"_kad_post_transparent":"","_kad_post_title":"hide","_kad_post_layout":"default","_kad_post_sidebar_id":"","_kad_post_content_style":"unboxed","_kad_post_vertical_padding":"default","_kad_post_feature":"default","_kad_post_feature_position":"","_kad_post_header":false,"_kad_post_footer":false,"_kad_post_classname":"","footnotes":""},"class_list":["post-145","page","type-page","status-publish","hentry"],"_links":{"self":[{"href":"https:\/\/alainlonguet.com\/index.php\/wp-json\/wp\/v2\/pages\/145","targetHints":{"allow":["GET"]}}],"collection":[{"href":"https:\/\/alainlonguet.com\/index.php\/wp-json\/wp\/v2\/pages"}],"about":[{"href":"https:\/\/alainlonguet.com\/index.php\/wp-json\/wp\/v2\/types\/page"}],"author":[{"embeddable":true,"href":"https:\/\/alainlonguet.com\/index.php\/wp-json\/wp\/v2\/users\/1"}],"replies":[{"embeddable":true,"href":"https:\/\/alainlonguet.com\/index.php\/wp-json\/wp\/v2\/comments?post=145"}],"version-history":[{"count":18,"href":"https:\/\/alainlonguet.com\/index.php\/wp-json\/wp\/v2\/pages\/145\/revisions"}],"predecessor-version":[{"id":352,"href":"https:\/\/alainlonguet.com\/index.php\/wp-json\/wp\/v2\/pages\/145\/revisions\/352"}],"wp:attachment":[{"href":"https:\/\/alainlonguet.com\/index.php\/wp-json\/wp\/v2\/media?parent=145"}],"curies":[{"name":"wp","href":"https:\/\/api.w.org\/{rel}","templated":true}]}}