{"id":211,"date":"2023-09-19T10:36:57","date_gmt":"2023-09-19T08:36:57","guid":{"rendered":"https:\/\/alainlonguet.com\/?page_id=211"},"modified":"2023-12-03T15:55:16","modified_gmt":"2023-12-03T14:55:16","slug":"galeries","status":"publish","type":"page","link":"https:\/\/alainlonguet.com\/index.php\/galeries\/","title":{"rendered":"Galeries"},"content":{"rendered":"<style>.kadence-column211_4a7325-a9 > .kt-inside-inner-col,.kadence-column211_4a7325-a9 > .kt-inside-inner-col:before{border-top-left-radius:0px;border-top-right-radius:0px;border-bottom-right-radius:0px;border-bottom-left-radius:0px;}.kadence-column211_4a7325-a9 > .kt-inside-inner-col{column-gap:var(--global-kb-gap-sm, 1rem);}.kadence-column211_4a7325-a9 > .kt-inside-inner-col{flex-direction:column;}.kadence-column211_4a7325-a9 > .kt-inside-inner-col > .aligncenter{width:100%;}.kadence-column211_4a7325-a9 > .kt-inside-inner-col:before{opacity:0.3;}.kadence-column211_4a7325-a9{position:relative;}@media all and (max-width: 1024px){.kadence-column211_4a7325-a9 > .kt-inside-inner-col{flex-direction:column;justify-content:center;}}@media all and (max-width: 767px){.kadence-column211_4a7325-a9 > .kt-inside-inner-col{flex-direction:column;justify-content:center;}}<\/style>\n<div class=\"wp-block-kadence-column kadence-column211_4a7325-a9\"><div class=\"kt-inside-inner-col\"><style>.kb-row-layout-id211_2e8f03-06 > .kt-row-column-wrap{align-content:start;}:where(.kb-row-layout-id211_2e8f03-06 > .kt-row-column-wrap) > .wp-block-kadence-column{justify-content:start;}.kb-row-layout-id211_2e8f03-06 > .kt-row-column-wrap{column-gap:var(--global-kb-gap-md, 2rem);row-gap:var(--global-kb-gap-md, 2rem);padding-top:var(--global-kb-spacing-sm, 1.5rem);padding-bottom:var(--global-kb-spacing-sm, 1.5rem);grid-template-columns:repeat(2, minmax(0, 1fr));}.kb-row-layout-id211_2e8f03-06 > .kt-row-layout-overlay{opacity:0.30;}@media all and (max-width: 1024px){.kb-row-layout-id211_2e8f03-06 > .kt-row-column-wrap{grid-template-columns:repeat(2, minmax(0, 1fr));}}@media all and (max-width: 767px){.kb-row-layout-id211_2e8f03-06 > .kt-row-column-wrap{grid-template-columns:minmax(0, 1fr);}}<\/style><div class=\"kb-row-layout-wrap kb-row-layout-id211_2e8f03-06 alignnone wp-block-kadence-rowlayout\"><div class=\"kt-row-column-wrap kt-has-2-columns kt-row-layout-equal kt-tab-layout-inherit kt-mobile-layout-row kt-row-valign-top\">\n<style>.kadence-column211_41a40e-2d > .kt-inside-inner-col,.kadence-column211_41a40e-2d > .kt-inside-inner-col:before{border-top-left-radius:0px;border-top-right-radius:0px;border-bottom-right-radius:0px;border-bottom-left-radius:0px;}.kadence-column211_41a40e-2d > .kt-inside-inner-col{column-gap:var(--global-kb-gap-sm, 1rem);}.kadence-column211_41a40e-2d > .kt-inside-inner-col{flex-direction:column;}.kadence-column211_41a40e-2d > .kt-inside-inner-col > .aligncenter{width:100%;}.kadence-column211_41a40e-2d > .kt-inside-inner-col:before{opacity:0.3;}.kadence-column211_41a40e-2d{position:relative;}@media all and (max-width: 1024px){.kadence-column211_41a40e-2d > .kt-inside-inner-col{flex-direction:column;justify-content:center;}}@media all and (max-width: 767px){.kadence-column211_41a40e-2d > .kt-inside-inner-col{flex-direction:column;justify-content:center;}}<\/style>\n<div class=\"wp-block-kadence-column kadence-column211_41a40e-2d\"><div class=\"kt-inside-inner-col\">\n<p>Les galeries d&rsquo;images regroupent des s\u00e9ries num\u00e9riques de diff\u00e9rentes \u00e9poques, depuis mes premiers essais dans les ann\u00e9es 1980 jusqu&rsquo;\u00e0 des p\u00e9riodes plus r\u00e9centes<\/p>\n<\/div><\/div>\n\n\n<style>.kadence-column211_02b66b-5c > .kt-inside-inner-col,.kadence-column211_02b66b-5c > .kt-inside-inner-col:before{border-top-left-radius:0px;border-top-right-radius:0px;border-bottom-right-radius:0px;border-bottom-left-radius:0px;}.kadence-column211_02b66b-5c > .kt-inside-inner-col{column-gap:var(--global-kb-gap-sm, 1rem);}.kadence-column211_02b66b-5c > .kt-inside-inner-col{flex-direction:column;}.kadence-column211_02b66b-5c > .kt-inside-inner-col > .aligncenter{width:100%;}.kadence-column211_02b66b-5c > .kt-inside-inner-col:before{opacity:0.3;}.kadence-column211_02b66b-5c{position:relative;}@media all and (max-width: 1024px){.kadence-column211_02b66b-5c > .kt-inside-inner-col{flex-direction:column;justify-content:center;}}@media all and (max-width: 767px){.kadence-column211_02b66b-5c > .kt-inside-inner-col{flex-direction:column;justify-content:center;}}<\/style>\n<div class=\"wp-block-kadence-column kadence-column211_02b66b-5c\"><div class=\"kt-inside-inner-col\"><\/div><\/div>\n\n<\/div><\/div><\/div><\/div>\n","protected":false},"excerpt":{"rendered":"<p>Les galeries d&rsquo;images regroupent des s\u00e9ries num\u00e9riques de diff\u00e9rentes \u00e9poques, depuis mes premiers essais dans les ann\u00e9es 1980 jusqu&rsquo;\u00e0 des p\u00e9riodes plus r\u00e9centes<\/p>\n","protected":false},"author":1,"featured_media":0,"parent":0,"menu_order":0,"comment_status":"closed","ping_status":"closed","template":"","meta":{"_eb_attr":"","_kadence_starter_templates_imported_post":false,"_kad_post_transparent":"","_kad_post_title":"default","_kad_post_layout":"","_kad_post_sidebar_id":"","_kad_post_content_style":"","_kad_post_vertical_padding":"","_kad_post_feature":"","_kad_post_feature_position":"","_kad_post_header":false,"_kad_post_footer":false,"_kad_post_classname":"","footnotes":""},"class_list":["post-211","page","type-page","status-publish","hentry"],"_links":{"self":[{"href":"https:\/\/alainlonguet.com\/index.php\/wp-json\/wp\/v2\/pages\/211","targetHints":{"allow":["GET"]}}],"collection":[{"href":"https:\/\/alainlonguet.com\/index.php\/wp-json\/wp\/v2\/pages"}],"about":[{"href":"https:\/\/alainlonguet.com\/index.php\/wp-json\/wp\/v2\/types\/page"}],"author":[{"embeddable":true,"href":"https:\/\/alainlonguet.com\/index.php\/wp-json\/wp\/v2\/users\/1"}],"replies":[{"embeddable":true,"href":"https:\/\/alainlonguet.com\/index.php\/wp-json\/wp\/v2\/comments?post=211"}],"version-history":[{"count":3,"href":"https:\/\/alainlonguet.com\/index.php\/wp-json\/wp\/v2\/pages\/211\/revisions"}],"predecessor-version":[{"id":460,"href":"https:\/\/alainlonguet.com\/index.php\/wp-json\/wp\/v2\/pages\/211\/revisions\/460"}],"wp:attachment":[{"href":"https:\/\/alainlonguet.com\/index.php\/wp-json\/wp\/v2\/media?parent=211"}],"curies":[{"name":"wp","href":"https:\/\/api.w.org\/{rel}","templated":true}]}}