{"id":42,"date":"2023-09-07T16:30:48","date_gmt":"2023-09-07T14:30:48","guid":{"rendered":"https:\/\/alainlonguet.com\/?page_id=42"},"modified":"2026-04-23T14:21:25","modified_gmt":"2026-04-23T12:21:25","slug":"accueil-alain-longuet","status":"publish","type":"page","link":"https:\/\/alainlonguet.com\/","title":{"rendered":"Accueil"},"content":{"rendered":"<style>.kb-row-layout-id42_c6cd6a-50 > .kt-row-column-wrap{align-content:start;}:where(.kb-row-layout-id42_c6cd6a-50 > .kt-row-column-wrap) > .wp-block-kadence-column{justify-content:start;}.kb-row-layout-id42_c6cd6a-50 > .kt-row-column-wrap{column-gap:var(--global-kb-gap-md, 2rem);row-gap:var(--global-kb-gap-md, 2rem);max-width:1920px;margin-left:auto;margin-right:auto;padding-top:var(--global-kb-spacing-md, 2rem);grid-template-columns:minmax(0, 1fr);}.kb-row-layout-id42_c6cd6a-50{border-top-left-radius:0px;border-top-right-radius:0px;border-bottom-right-radius:0px;border-bottom-left-radius:0px;}.kb-row-layout-id42_c6cd6a-50 > .kt-row-layout-overlay{opacity:0.37;}.kb-row-layout-id42_c6cd6a-50 .kt-row-layout-bottom-sep{height:100px;}.kb-row-layout-id42_c6cd6a-50 .kt-row-layout-bottom-sep svg{width:100%;}.kb-row-layout-id42_c6cd6a-50 .kt-row-layout-bottom-sep svg{fill:#ffffff!important;}@media all and (max-width: 1024px){.kb-row-layout-id42_c6cd6a-50 > .kt-row-column-wrap{grid-template-columns:minmax(0, 1fr);}}@media all and (max-width: 1024px){.kb-row-layout-id42_c6cd6a-50 .kt-row-layout-bottom-sep{height:px;}}@media all and (max-width: 1024px){.kb-row-layout-id42_c6cd6a-50 .kt-row-layout-bottom-sep svg{width:%;}}@media all and (max-width: 767px){.kb-row-layout-id42_c6cd6a-50 > .kt-row-column-wrap{row-gap:var(--global-kb-gap-md, 2rem);grid-template-columns:minmax(0, 1fr);}.kb-row-layout-id42_c6cd6a-50 .kt-row-layout-bottom-sep{height:px;}.kb-row-layout-id42_c6cd6a-50 .kt-row-layout-bottom-sep svg{width:%;}}<\/style><div class=\"kb-row-layout-wrap kb-row-layout-id42_c6cd6a-50 alignnone wp-block-kadence-rowlayout\"><div class=\"kt-row-column-wrap kt-has-1-columns kt-row-layout-equal kt-tab-layout-inherit kt-mobile-layout-row kt-row-valign-top\">\n<style>.kadence-column42_1cdb12-e7 > .kt-inside-inner-col,.kadence-column42_1cdb12-e7 > .kt-inside-inner-col:before{border-top-left-radius:0px;border-top-right-radius:0px;border-bottom-right-radius:0px;border-bottom-left-radius:0px;}.kadence-column42_1cdb12-e7 > .kt-inside-inner-col{column-gap:var(--global-kb-gap-sm, 1rem);}.kadence-column42_1cdb12-e7 > .kt-inside-inner-col{flex-direction:column;}.kadence-column42_1cdb12-e7 > .kt-inside-inner-col > .aligncenter{width:100%;}.kadence-column42_1cdb12-e7 > .kt-inside-inner-col:before{opacity:0.3;}.kadence-column42_1cdb12-e7{position:relative;}@media all and (max-width: 1024px){.kadence-column42_1cdb12-e7 > .kt-inside-inner-col{flex-direction:column;justify-content:center;}}@media all and (max-width: 767px){.kadence-column42_1cdb12-e7 > .kt-inside-inner-col{flex-direction:column;justify-content:center;}}<\/style>\n<div class=\"wp-block-kadence-column kadence-column42_1cdb12-e7\"><div class=\"kt-inside-inner-col\">\n<p class=\"has-theme-palette-6-color has-text-color\" style=\"font-size:17px;line-height:1.3\"><strong>Photo, vid\u00e9o, arts num\u00e9riques<\/strong><br>autre site (Travaux tri\u00e9es par listes) &gt; <a href=\"http:\/\/alainlonguet.free.fr\/\" target=\"_blank\" rel=\"noreferrer noopener\">alainlonguet.free.fr<\/a><\/p>\n<\/div><\/div>\n\n<\/div><\/div>\n\n\n<p><\/p>\n\n\n<style>.kb-row-layout-id42_f6f3d0-60 > .kt-row-column-wrap{align-content:start;}:where(.kb-row-layout-id42_f6f3d0-60 > .kt-row-column-wrap) > .wp-block-kadence-column{justify-content:start;}.kb-row-layout-id42_f6f3d0-60 > .kt-row-column-wrap{column-gap:var(--global-kb-gap-lg, 4rem);row-gap:var(--global-kb-gap-none, 0rem );max-width:1920px;margin-left:auto;margin-right:auto;padding-top:0px;grid-template-columns:minmax(0, calc(50% - ((var(--global-kb-gap-lg, 4rem) * 1 )\/2)))minmax(0, calc(50% - ((var(--global-kb-gap-lg, 4rem) * 1 )\/2)));}.kb-row-layout-id42_f6f3d0-60 > .kt-row-layout-overlay{opacity:0.30;}@media all and (max-width: 1024px){.kb-row-layout-id42_f6f3d0-60 > .kt-row-column-wrap{grid-template-columns:minmax(0, 2fr) minmax(0, 1fr);}}@media all and (max-width: 767px){.kb-row-layout-id42_f6f3d0-60 > .kt-row-column-wrap{grid-template-columns:minmax(0, 1fr);}}<\/style><div class=\"kb-row-layout-wrap kb-row-layout-id42_f6f3d0-60 alignnone wp-block-kadence-rowlayout\"><div class=\"kt-row-column-wrap kt-has-2-columns kt-row-layout-left-golden kt-tab-layout-inherit kt-mobile-layout-row kt-row-valign-top\">\n<style>.kadence-column42_c3c777-7c > .kt-inside-inner-col{display:flex;}.kadence-column42_c3c777-7c > .kt-inside-inner-col{min-height:1036px;}.kadence-column42_c3c777-7c > .kt-inside-inner-col,.kadence-column42_c3c777-7c > .kt-inside-inner-col:before{border-top-left-radius:0px;border-top-right-radius:0px;border-bottom-right-radius:0px;border-bottom-left-radius:0px;}.kadence-column42_c3c777-7c > .kt-inside-inner-col{row-gap:var(--global-kb-gap-none, 0rem );column-gap:var(--global-kb-gap-sm, 1rem);}.kadence-column42_c3c777-7c > .kt-inside-inner-col{flex-direction:row;flex-wrap:wrap;align-items:flex-start;justify-content:flex-end;}.kadence-column42_c3c777-7c > .kt-inside-inner-col > *, .kadence-column42_c3c777-7c > .kt-inside-inner-col > figure.wp-block-image, .kadence-column42_c3c777-7c > .kt-inside-inner-col > figure.wp-block-kadence-image{margin-top:0px;margin-bottom:0px;}.kadence-column42_c3c777-7c > .kt-inside-inner-col > .kb-image-is-ratio-size{flex-grow:1;}.kt-row-column-wrap > .kadence-column42_c3c777-7c{align-self:flex-start;}.kt-inner-column-height-full:not(.kt-has-1-columns) > .wp-block-kadence-column.kadence-column42_c3c777-7c{align-self:auto;}.kt-inner-column-height-full:not(.kt-has-1-columns) > .wp-block-kadence-column.kadence-column42_c3c777-7c > .kt-inside-inner-col{align-items:flex-start;}.kadence-column42_c3c777-7c > .kt-inside-inner-col:before{opacity:0.3;}.kadence-column42_c3c777-7c{text-align:left;}.kadence-column42_c3c777-7c{position:relative;}.kadence-column42_c3c777-7c, .kt-inside-inner-col > .kadence-column42_c3c777-7c:not(.specificity){margin-top:0px;}@media all and (max-width: 1024px){.kt-row-column-wrap > .kadence-column42_c3c777-7c{align-self:flex-start;}}@media all and (max-width: 1024px){.kt-inner-column-height-full:not(.kt-has-1-columns) > .wp-block-kadence-column.kadence-column42_c3c777-7c{align-self:auto;}}@media all and (max-width: 1024px){.kt-inner-column-height-full:not(.kt-has-1-columns) > .wp-block-kadence-column.kadence-column42_c3c777-7c > .kt-inside-inner-col{align-items:flex-start;}}@media all and (max-width: 1024px){.kadence-column42_c3c777-7c > .kt-inside-inner-col{flex-direction:row;flex-wrap:wrap;align-items:flex-start;justify-content:flex-end;}}@media all and (min-width: 768px) and (max-width: 1024px){.kadence-column42_c3c777-7c > .kt-inside-inner-col > *, .kadence-column42_c3c777-7c > .kt-inside-inner-col > figure.wp-block-image, .kadence-column42_c3c777-7c > .kt-inside-inner-col > figure.wp-block-kadence-image{margin-top:0px;margin-bottom:0px;}.kadence-column42_c3c777-7c > .kt-inside-inner-col > .kb-image-is-ratio-size{flex-grow:1;}}@media all and (max-width: 767px){.kt-row-column-wrap > .kadence-column42_c3c777-7c{align-self:flex-start;}.kt-inner-column-height-full:not(.kt-has-1-columns) > .wp-block-kadence-column.kadence-column42_c3c777-7c{align-self:auto;}.kt-inner-column-height-full:not(.kt-has-1-columns) > .wp-block-kadence-column.kadence-column42_c3c777-7c > .kt-inside-inner-col{align-items:flex-start;}.kadence-column42_c3c777-7c > .kt-inside-inner-col{flex-direction:row;flex-wrap:wrap;justify-content:flex-start;justify-content:flex-end;}.kadence-column42_c3c777-7c > .kt-inside-inner-col > *, .kadence-column42_c3c777-7c > .kt-inside-inner-col > figure.wp-block-image, .kadence-column42_c3c777-7c > .kt-inside-inner-col > figure.wp-block-kadence-image{margin-top:0px;margin-bottom:0px;}.kadence-column42_c3c777-7c > .kt-inside-inner-col > .kb-image-is-ratio-size{flex-grow:1;}}<\/style>\n<div class=\"wp-block-kadence-column kadence-column42_c3c777-7c kb-section-dir-horizontal\"><div class=\"kt-inside-inner-col\"><style>.kb-image42_307732-09.kb-image-is-ratio-size, .kb-image42_307732-09 .kb-image-is-ratio-size{max-width:600px;width:100%;}.wp-block-kadence-column > .kt-inside-inner-col > .kb-image42_307732-09.kb-image-is-ratio-size, .wp-block-kadence-column > .kt-inside-inner-col > .kb-image42_307732-09 .kb-image-is-ratio-size{align-self:unset;}.kb-image42_307732-09 figure{max-width:600px;}.kb-image42_307732-09 .image-is-svg, .kb-image42_307732-09 .image-is-svg img{width:100%;}.kb-image42_307732-09 .kb-image-has-overlay:after{opacity:0.3;}<\/style>\n<div class=\"wp-block-kadence-image kb-image42_307732-09\"><figure class=\"alignright size-full\"><img loading=\"lazy\" decoding=\"async\" width=\"800\" height=\"600\" src=\"https:\/\/alainlonguet.com\/wp-content\/uploads\/2026\/04\/bpainted-piscine-2025.jpg\" alt=\"\" class=\"kb-img wp-image-1116\" srcset=\"https:\/\/alainlonguet.com\/wp-content\/uploads\/2026\/04\/bpainted-piscine-2025.jpg 800w, https:\/\/alainlonguet.com\/wp-content\/uploads\/2026\/04\/bpainted-piscine-2025-300x225.jpg 300w, https:\/\/alainlonguet.com\/wp-content\/uploads\/2026\/04\/bpainted-piscine-2025-768x576.jpg 768w\" sizes=\"auto, (max-width: 800px) 100vw, 800px\" \/><figcaption><a href=\"https:\/\/www.legenerateur.com\/spectacle\/projection-performance\/\">> Le 7 mai au G\u00e9n\u00e9rateur \u00e0 20h<\/a><br>Projection\/Danse\/Performance<\/figcaption><\/figure><\/div>\n\n\n\n<p><\/p>\n\n\n\n<p><\/p>\n\n\n<style>.kb-image42_aad28f-5a.kb-image-is-ratio-size, .kb-image42_aad28f-5a .kb-image-is-ratio-size{max-width:600px;width:100%;}.wp-block-kadence-column > .kt-inside-inner-col > .kb-image42_aad28f-5a.kb-image-is-ratio-size, .wp-block-kadence-column > .kt-inside-inner-col > .kb-image42_aad28f-5a .kb-image-is-ratio-size{align-self:unset;}.kb-image42_aad28f-5a figure{max-width:600px;}.kb-image42_aad28f-5a .image-is-svg, .kb-image42_aad28f-5a .image-is-svg img{width:100%;}.kb-image42_aad28f-5a .kb-image-has-overlay:after{opacity:0.3;}<\/style>\n<div class=\"wp-block-kadence-image kb-image42_aad28f-5a\"><figure class=\"alignright size-full\"><img loading=\"lazy\" decoding=\"async\" width=\"600\" height=\"400\" src=\"https:\/\/alainlonguet.com\/wp-content\/uploads\/2024\/02\/GalerieVirtuelle1.jpg\" alt=\"\" class=\"kb-img wp-image-472\" srcset=\"https:\/\/alainlonguet.com\/wp-content\/uploads\/2024\/02\/GalerieVirtuelle1.jpg 600w, https:\/\/alainlonguet.com\/wp-content\/uploads\/2024\/02\/GalerieVirtuelle1-300x200.jpg 300w\" sizes=\"auto, (max-width: 600px) 100vw, 600px\" \/><figcaption>&gt; <a href=\"http:\/\/artsteps.com\/profile\/63eb6417a09dfbc6e5626e1d\" target=\"_blank\" rel=\"noreferrer noopener\">Visitez ma galerie virtuelle Artsteps<\/a><\/figcaption><\/figure><\/div>\n<\/div><\/div>\n\n\n<style>.kadence-column42_c58feb-a0 > .kt-inside-inner-col,.kadence-column42_c58feb-a0 > .kt-inside-inner-col:before{border-top-left-radius:0px;border-top-right-radius:0px;border-bottom-right-radius:0px;border-bottom-left-radius:0px;}.kadence-column42_c58feb-a0 > .kt-inside-inner-col{column-gap:var(--global-kb-gap-sm, 1rem);}.kadence-column42_c58feb-a0 > .kt-inside-inner-col{flex-direction:column;}.kadence-column42_c58feb-a0 > .kt-inside-inner-col > .aligncenter{width:100%;}.kadence-column42_c58feb-a0 > .kt-inside-inner-col:before{opacity:0.3;}.kadence-column42_c58feb-a0{position:relative;}@media all and (max-width: 1024px){.kadence-column42_c58feb-a0 > .kt-inside-inner-col{flex-direction:column;justify-content:center;}}@media all and (max-width: 767px){.kadence-column42_c58feb-a0 > .kt-inside-inner-col{flex-direction:column;justify-content:center;}}<\/style>\n<div class=\"wp-block-kadence-column kadence-column42_c58feb-a0\"><div class=\"kt-inside-inner-col\"><\/div><\/div>\n\n<\/div><\/div>\n\n\n<p><\/p>\n","protected":false},"excerpt":{"rendered":"<p>Photo, vid\u00e9o, arts num\u00e9riquesautre site (Travaux tri\u00e9es par listes) &gt; alainlonguet.free.fr<\/p>\n","protected":false},"author":1,"featured_media":0,"parent":0,"menu_order":0,"comment_status":"closed","ping_status":"closed","template":"","meta":{"_eb_attr":"","_kadence_starter_templates_imported_post":false,"_kad_post_transparent":"default","_kad_post_title":"show","_kad_post_layout":"","_kad_post_sidebar_id":"","_kad_post_content_style":"unboxed","_kad_post_vertical_padding":"","_kad_post_feature":"","_kad_post_feature_position":"","_kad_post_header":false,"_kad_post_footer":false,"_kad_post_classname":"","footnotes":""},"class_list":["post-42","page","type-page","status-publish","hentry"],"_links":{"self":[{"href":"https:\/\/alainlonguet.com\/index.php\/wp-json\/wp\/v2\/pages\/42","targetHints":{"allow":["GET"]}}],"collection":[{"href":"https:\/\/alainlonguet.com\/index.php\/wp-json\/wp\/v2\/pages"}],"about":[{"href":"https:\/\/alainlonguet.com\/index.php\/wp-json\/wp\/v2\/types\/page"}],"author":[{"embeddable":true,"href":"https:\/\/alainlonguet.com\/index.php\/wp-json\/wp\/v2\/users\/1"}],"replies":[{"embeddable":true,"href":"https:\/\/alainlonguet.com\/index.php\/wp-json\/wp\/v2\/comments?post=42"}],"version-history":[{"count":246,"href":"https:\/\/alainlonguet.com\/index.php\/wp-json\/wp\/v2\/pages\/42\/revisions"}],"predecessor-version":[{"id":1158,"href":"https:\/\/alainlonguet.com\/index.php\/wp-json\/wp\/v2\/pages\/42\/revisions\/1158"}],"wp:attachment":[{"href":"https:\/\/alainlonguet.com\/index.php\/wp-json\/wp\/v2\/media?parent=42"}],"curies":[{"name":"wp","href":"https:\/\/api.w.org\/{rel}","templated":true}]}}