{"id":44,"date":"2023-09-07T16:31:39","date_gmt":"2023-09-07T14:31:39","guid":{"rendered":"https:\/\/alainlonguet.com\/?page_id=44"},"modified":"2025-05-09T18:24:46","modified_gmt":"2025-05-09T16:24:46","slug":"a-propos","status":"publish","type":"page","link":"https:\/\/alainlonguet.com\/index.php\/a-propos\/","title":{"rendered":"A propos"},"content":{"rendered":"<style>.wp-block-kadence-spacer.kt-block-spacer-44_1d5ef5-75 .kt-block-spacer{height:159px;}.wp-block-kadence-spacer.kt-block-spacer-44_1d5ef5-75 .kt-divider{border-top-width:1px;height:1px;border-top-color:#eee;width:80%;border-top-style:solid;}<\/style>\n<div class=\"wp-block-kadence-spacer aligncenter kt-block-spacer-44_1d5ef5-75\"><div class=\"kt-block-spacer kt-block-spacer-halign-center\"><\/div><\/div>\n\n\n\n<p><br>R\u00e9alisateur, photographe, artiste num\u00e9rique, Alain Longuet r\u00e9alise ses premiers films super 8 dans les ann\u00e9es 70, puis d\u00e9couvre la vid\u00e9o et exp\u00e9rimente au gr\u00e9 des rencontres des \u0153uvres singuli\u00e8res au croisement des \u00e9critures hybrides et des innovations technologiques. Il a particip\u00e9 \u00e0 l&rsquo;\u00e9mergence de l&rsquo;Art vid\u00e9o en France dans la d\u00e9cennie 1980\/1990 avec des vid\u00e9os li\u00e9es aux arts plastiques, \u00e0 la musique et \u00e0 la danse contemporaine. Ses r\u00e9alisations et installations ont \u00e9t\u00e9 montr\u00e9es et prim\u00e9es dans des nombreux festivals internationaux (Festival vid\u00e9o de Montb\u00e9liard -1982, Electra, Mus\u00e9e d&rsquo;Art Moderne Paris -1983, Festivals des Arts \u00c9lectroniques, Rennes -1988, Artifice, Saint-Denis -1990, Art infographique, Palais de Tokyo -1992).<br><br>Depuis les ann\u00e9es 2000 son activit\u00e9 est centr\u00e9e sur les m\u00e9dia num\u00e9riques : conservation et valorisation des archives vid\u00e9o analogiques, <br>\u00e9criture et le codage d&rsquo;algorithmes pour les Arts num\u00e9riques : \u0153uvres g\u00e9n\u00e9ratives, r\u00e9alisations et installations vid\u00e9o, spectacles performatifs.<\/p>\n\n\n\n<p>Ses travaux r\u00e9cents sont r\u00e9guli\u00e8rement expos\u00e9s \u00e0 Paris : salon R\u00e9alit\u00e9s Nouvelles, galerie Abstract Project, galerie Wagner&#8230;<br>Alain Longuet est repr\u00e9sent\u00e9 par la <a href=\"https:\/\/galeriewagner.com\/longuet-alain\/\" target=\"_blank\" rel=\"noreferrer noopener\">galerie Wagner<\/a> pour ses \u0153uvres abstraites<\/p>\n\n\n\n<p><\/p>\n","protected":false},"excerpt":{"rendered":"<p>R\u00e9alisateur, photographe, artiste num\u00e9rique, Alain Longuet r\u00e9alise ses premiers films super 8 dans les ann\u00e9es 70, puis d\u00e9couvre la vid\u00e9o et exp\u00e9rimente au gr\u00e9 des rencontres des \u0153uvres singuli\u00e8res au croisement des \u00e9critures hybrides et des innovations technologiques. Il a particip\u00e9 \u00e0 l&rsquo;\u00e9mergence de l&rsquo;Art vid\u00e9o en France dans la d\u00e9cennie 1980\/1990 avec des vid\u00e9os&#8230;<\/p>\n","protected":false},"author":1,"featured_media":0,"parent":0,"menu_order":0,"comment_status":"closed","ping_status":"closed","template":"","meta":{"_eb_attr":"","_kadence_starter_templates_imported_post":false,"_kad_post_transparent":"","_kad_post_title":"hide","_kad_post_layout":"","_kad_post_sidebar_id":"","_kad_post_content_style":"","_kad_post_vertical_padding":"","_kad_post_feature":"","_kad_post_feature_position":"","_kad_post_header":false,"_kad_post_footer":false,"_kad_post_classname":"","footnotes":""},"class_list":["post-44","page","type-page","status-publish","hentry"],"_links":{"self":[{"href":"https:\/\/alainlonguet.com\/index.php\/wp-json\/wp\/v2\/pages\/44","targetHints":{"allow":["GET"]}}],"collection":[{"href":"https:\/\/alainlonguet.com\/index.php\/wp-json\/wp\/v2\/pages"}],"about":[{"href":"https:\/\/alainlonguet.com\/index.php\/wp-json\/wp\/v2\/types\/page"}],"author":[{"embeddable":true,"href":"https:\/\/alainlonguet.com\/index.php\/wp-json\/wp\/v2\/users\/1"}],"replies":[{"embeddable":true,"href":"https:\/\/alainlonguet.com\/index.php\/wp-json\/wp\/v2\/comments?post=44"}],"version-history":[{"count":9,"href":"https:\/\/alainlonguet.com\/index.php\/wp-json\/wp\/v2\/pages\/44\/revisions"}],"predecessor-version":[{"id":833,"href":"https:\/\/alainlonguet.com\/index.php\/wp-json\/wp\/v2\/pages\/44\/revisions\/833"}],"wp:attachment":[{"href":"https:\/\/alainlonguet.com\/index.php\/wp-json\/wp\/v2\/media?parent=44"}],"curies":[{"name":"wp","href":"https:\/\/api.w.org\/{rel}","templated":true}]}}