{"id":483,"date":"2024-02-20T21:01:52","date_gmt":"2024-02-20T20:01:52","guid":{"rendered":"https:\/\/alainlonguet.com\/?page_id=483"},"modified":"2025-02-24T11:10:35","modified_gmt":"2025-02-24T10:10:35","slug":"video_age","status":"publish","type":"page","link":"https:\/\/alainlonguet.com\/index.php\/video_age\/","title":{"rendered":"Video_Age"},"content":{"rendered":"\n<p><\/p>\n\n\n\n<p> <strong>Un projet pilot\u00e9 par Alain Longuet \/ Gabriel Soucheyre \/ St\u00e9phane Trois Carr\u00e9s [2014 &#8211; &#8230;.]<\/strong><\/p>\n\n\n\n<p>L&rsquo;id\u00e9e directrice de Video_Age est de revisiter les derni\u00e8res d\u00e9cennies de la vid\u00e9o \u00e0 travers les images capt\u00e9es, les rushes, les productions diverses, installations, performances. Ces images m\u00e9moire proviennent \u00e0 la fois du fond d&rsquo;archives de VIDEOFORMES et de celui de Grand Canal, (association ayant f\u00e9d\u00e9r\u00e9 de nombreux artistes vid\u00e9o fran\u00e7ais d\u00e8s le d\u00e9but des ann\u00e9es 80).<br>Il s\u2019agit d\u2019un corpus &nbsp;d\u2019images, capt\u00e9es et produites &nbsp;\u00e0 travers plusieurs \u00e9poques de l\u2019art vid\u00e9o, analogique et num\u00e9rique.<br>Elles t\u00e9moignent de la multiplicit\u00e9 des \u00e9critures. Ces images ont \u00e9t\u00e9 assembl\u00e9es en segments de 90 secondes.<br>Il s&rsquo;agit d&rsquo;une r\u00e9-appropriation, relecture, mixage d&rsquo;images. Le son n&rsquo;en est pas conserv\u00e9 pour offrir la possibilit\u00e9 \u00e0 des cr\u00e9ateurs contemporains d&rsquo;en donner une interpr\u00e9tation sonore et au public une &lsquo;lecture&rsquo; qui relie la m\u00e9moire, le patrimoine et le temps v\u00e9cu au pr\u00e9sent. Diff\u00e9rents dispositifs sont explor\u00e9s : improvisation live, montage\/collage \u00e0 la vol\u00e9e via un moteur algorithmique qui en fait les choix.<br>Il existe un immense corpus critique sur l\u2019art vid\u00e9o qui en d\u00e9taille les sujets et les pr\u00e9occupations. On y commente les personnalit\u00e9s et les th\u00e8mes, mais on aborde beaucoup plus rarement la question de la vid\u00e9o ou de l\u2019image anim\u00e9e sous la forme de la discr\u00e9tisation du temps et de l\u2019espace. C\u2019est \u00e0 dire sous la forme d\u2019ensembles d\u2019images unit\u00e9s vid\u00e9ogrammes concat\u00e9n\u00e9es afin de cr\u00e9er une suite de correspondances morphologiques et s\u00e9mantiques produisant du sens.<br>La radicalit\u00e9 th\u00e9orique d\u00e9pouillant la vid\u00e9o de ses affects et hagiographies permet d\u2019aborder la question sous une forme math\u00e9matique qui rappelle la nature informationnelle, entropique et spatiale des s\u00e9quences d\u2019images associ\u00e9es dans des suites plus ou moins signifiantes ou al\u00e9atoires.\u2028<br>Cette posture formaliste pourrait para\u00eetre st\u00e9rile si les combinatoires engendr\u00e9es n\u2019\u00e9taient si immenses\u2026<br><\/p>\n\n\n\n<figure class=\"wp-block-embed is-type-video is-provider-youtube wp-block-embed-youtube wp-embed-aspect-16-9 wp-has-aspect-ratio\"><div class=\"wp-block-embed__wrapper\">\n<iframe loading=\"lazy\" title=\"Video_Age 2.1 in Mons [Extrait]\" width=\"720\" height=\"405\" src=\"https:\/\/www.youtube.com\/embed\/2otxA6beKco?feature=oembed\" frameborder=\"0\" allow=\"accelerometer; autoplay; clipboard-write; encrypted-media; gyroscope; picture-in-picture; web-share\" referrerpolicy=\"strict-origin-when-cross-origin\" allowfullscreen><\/iframe>\n<\/div><figcaption class=\"wp-element-caption\"><strong>Video_Age<\/strong> en soir\u00e9e performative sur 3 \u00e9crans HD, Festival Transnum\u00e9riques \u00e0 Mons, Soundtrack by Gauthier Keyaerts -nov. 2015.<\/figcaption><\/figure>\n\n\n<style>.kadence-column483_75b4a7-aa > .kt-inside-inner-col{display:flex;}.kadence-column483_75b4a7-aa > .kt-inside-inner-col{padding-top:0px;}.kadence-column483_75b4a7-aa > .kt-inside-inner-col,.kadence-column483_75b4a7-aa > .kt-inside-inner-col:before{border-top-left-radius:0px;border-top-right-radius:0px;border-bottom-right-radius:0px;border-bottom-left-radius:0px;}.kadence-column483_75b4a7-aa > .kt-inside-inner-col{row-gap:var(--global-kb-gap-none, 0rem );column-gap:var(--global-kb-gap-sm, 1rem);}.kadence-column483_75b4a7-aa > .kt-inside-inner-col{flex-direction:column;justify-content:flex-start;align-items:center;}.kadence-column483_75b4a7-aa > .kt-inside-inner-col > .kb-image-is-ratio-size{align-self:stretch;}.kadence-column483_75b4a7-aa > .kt-inside-inner-col > .wp-block-kadence-advancedgallery{align-self:stretch;}.kadence-column483_75b4a7-aa > .kt-inside-inner-col > .aligncenter{width:100%;}.kt-row-column-wrap > .kadence-column483_75b4a7-aa{align-self:flex-start;}.kt-inner-column-height-full:not(.kt-has-1-columns) > .wp-block-kadence-column.kadence-column483_75b4a7-aa{align-self:auto;}.kt-inner-column-height-full:not(.kt-has-1-columns) > .wp-block-kadence-column.kadence-column483_75b4a7-aa > .kt-inside-inner-col{flex-direction:column;justify-content:flex-start;}.kadence-column483_75b4a7-aa > .kt-inside-inner-col:before{opacity:0.3;}.kadence-column483_75b4a7-aa{position:relative;}.kadence-column483_75b4a7-aa, .kt-inside-inner-col > .kadence-column483_75b4a7-aa:not(.specificity){margin-top:0px;}@media all and (max-width: 1024px){.kt-row-column-wrap > .kadence-column483_75b4a7-aa{align-self:flex-start;}}@media all and (max-width: 1024px){.kt-inner-column-height-full:not(.kt-has-1-columns) > .wp-block-kadence-column.kadence-column483_75b4a7-aa{align-self:auto;}}@media all and (max-width: 1024px){.kt-inner-column-height-full:not(.kt-has-1-columns) > .wp-block-kadence-column.kadence-column483_75b4a7-aa > .kt-inside-inner-col{flex-direction:column;justify-content:flex-start;}}@media all and (max-width: 1024px){.kadence-column483_75b4a7-aa > .kt-inside-inner-col{flex-direction:column;justify-content:flex-start;align-items:center;}}@media all and (max-width: 767px){.kt-row-column-wrap > .kadence-column483_75b4a7-aa{align-self:flex-start;}.kt-inner-column-height-full:not(.kt-has-1-columns) > .wp-block-kadence-column.kadence-column483_75b4a7-aa{align-self:auto;}.kt-inner-column-height-full:not(.kt-has-1-columns) > .wp-block-kadence-column.kadence-column483_75b4a7-aa > .kt-inside-inner-col{flex-direction:column;justify-content:flex-start;}.kadence-column483_75b4a7-aa > .kt-inside-inner-col{flex-direction:column;justify-content:flex-start;align-items:center;}}<\/style>\n<div class=\"wp-block-kadence-column kadence-column483_75b4a7-aa\"><div class=\"kt-inside-inner-col\"><style>.kb-row-layout-wrap.wp-block-kadence-rowlayout.kb-row-layout-id483_042acc-51{margin-top:var(--global-kb-spacing-5xl, 10rem);}.kb-row-layout-id483_042acc-51 > .kt-row-column-wrap{align-content:center;}:where(.kb-row-layout-id483_042acc-51 > .kt-row-column-wrap) > .wp-block-kadence-column{justify-content:center;}.kb-row-layout-id483_042acc-51 > .kt-row-column-wrap{column-gap:var(--global-kb-gap-md, 2rem);row-gap:var(--global-kb-gap-md, 2rem);padding-top:0px;padding-bottom:var(--global-kb-spacing-xs, 1rem);grid-template-columns:minmax(0, calc(45% - ((var(--global-kb-gap-md, 2rem) * 1 )\/2)))minmax(0, calc(55% - ((var(--global-kb-gap-md, 2rem) * 1 )\/2)));}.kb-row-layout-id483_042acc-51 > .kt-row-layout-overlay{opacity:0.30;}@media all and (max-width: 1024px){.kb-row-layout-id483_042acc-51 > .kt-row-column-wrap{grid-template-columns:repeat(2, minmax(0, 1fr));}}@media all and (max-width: 767px){.kb-row-layout-id483_042acc-51 > .kt-row-column-wrap{grid-template-columns:minmax(0, 1fr);}}<\/style><div class=\"kb-row-layout-wrap kb-row-layout-id483_042acc-51 aligncenter wp-block-kadence-rowlayout\"><div class=\"kt-row-column-wrap kt-has-2-columns kt-row-layout-equal kt-tab-layout-inherit kt-mobile-layout-row kt-row-valign-middle\">\n<style>.kadence-column483_a2fa4e-b5 > .kt-inside-inner-col,.kadence-column483_a2fa4e-b5 > .kt-inside-inner-col:before{border-top-left-radius:0px;border-top-right-radius:0px;border-bottom-right-radius:0px;border-bottom-left-radius:0px;}.kadence-column483_a2fa4e-b5 > .kt-inside-inner-col{column-gap:var(--global-kb-gap-sm, 1rem);}.kadence-column483_a2fa4e-b5 > .kt-inside-inner-col{flex-direction:column;}.kadence-column483_a2fa4e-b5 > .kt-inside-inner-col > .aligncenter{width:100%;}.kadence-column483_a2fa4e-b5 > .kt-inside-inner-col:before{opacity:0.3;}.kadence-column483_a2fa4e-b5{position:relative;}@media all and (max-width: 1024px){.kadence-column483_a2fa4e-b5 > .kt-inside-inner-col{flex-direction:column;justify-content:center;}}@media all and (max-width: 767px){.kadence-column483_a2fa4e-b5 > .kt-inside-inner-col{flex-direction:column;justify-content:center;}}<\/style>\n<div class=\"wp-block-kadence-column kadence-column483_a2fa4e-b5\"><div class=\"kt-inside-inner-col\">\n<p><\/p>\n\n\n\n<p class=\"has-text-align-right\">Video_Age au Festival <a href=\"https:\/\/festival2024.videoformes.com\/evenements\/la-nuit-hybride\/video-age\/\" data-type=\"link\" data-id=\"https:\/\/festival2024.videoformes.com\/evenements\/la-nuit-hybride\/video-age\/\" target=\"_blank\" rel=\"noreferrer noopener\">Vid\u00e9oformes 2024<\/a> &gt;<\/p>\n<\/div><\/div>\n\n\n<style>.kadence-column483_feb9cf-76 > .kt-inside-inner-col,.kadence-column483_feb9cf-76 > .kt-inside-inner-col:before{border-top-left-radius:0px;border-top-right-radius:0px;border-bottom-right-radius:0px;border-bottom-left-radius:0px;}.kadence-column483_feb9cf-76 > .kt-inside-inner-col{column-gap:var(--global-kb-gap-sm, 1rem);}.kadence-column483_feb9cf-76 > .kt-inside-inner-col{flex-direction:column;}.kadence-column483_feb9cf-76 > .kt-inside-inner-col > .aligncenter{width:100%;}.kadence-column483_feb9cf-76 > .kt-inside-inner-col:before{opacity:0.3;}.kadence-column483_feb9cf-76{position:relative;}@media all and (max-width: 1024px){.kadence-column483_feb9cf-76 > .kt-inside-inner-col{flex-direction:column;justify-content:center;}}@media all and (max-width: 767px){.kadence-column483_feb9cf-76 > .kt-inside-inner-col{flex-direction:column;justify-content:center;}}<\/style>\n<div class=\"wp-block-kadence-column kadence-column483_feb9cf-76\"><div class=\"kt-inside-inner-col\">\n<div class=\"wp-block-group\"><div class=\"wp-block-group__inner-container is-layout-constrained wp-block-group-is-layout-constrained\">\n<div class=\"wp-block-columns is-layout-flex wp-container-core-columns-is-layout-9d6595d7 wp-block-columns-is-layout-flex\">\n<div class=\"wp-block-column is-layout-flow wp-block-column-is-layout-flow\" style=\"flex-basis:100%\"><style>.kb-image483_28ec0d-be.kb-image-is-ratio-size, .kb-image483_28ec0d-be .kb-image-is-ratio-size{max-width:270px;width:100%;}.wp-block-kadence-column > .kt-inside-inner-col > .kb-image483_28ec0d-be.kb-image-is-ratio-size, .wp-block-kadence-column > .kt-inside-inner-col > .kb-image483_28ec0d-be .kb-image-is-ratio-size{align-self:unset;}.kb-image483_28ec0d-be{max-width:270px;}.image-is-svg.kb-image483_28ec0d-be{-webkit-flex:0 1 100%;flex:0 1 100%;}.image-is-svg.kb-image483_28ec0d-be img{width:100%;}.kb-image483_28ec0d-be .kb-image-has-overlay:after{opacity:0.3;}<\/style>\n<figure class=\"wp-block-kadence-image kb-image483_28ec0d-be size-full\"><img loading=\"lazy\" decoding=\"async\" width=\"750\" height=\"510\" src=\"https:\/\/alainlonguet.com\/wp-content\/uploads\/2024\/03\/VideoAgeVideoformes2024.jpg\" alt=\"\" class=\"kb-img wp-image-540\" srcset=\"https:\/\/alainlonguet.com\/wp-content\/uploads\/2024\/03\/VideoAgeVideoformes2024.jpg 750w, https:\/\/alainlonguet.com\/wp-content\/uploads\/2024\/03\/VideoAgeVideoformes2024-300x204.jpg 300w\" sizes=\"auto, (max-width: 750px) 100vw, 750px\" \/><\/figure>\n<\/div>\n<\/div>\n<\/div><\/div>\n<\/div><\/div>\n\n<\/div><\/div><\/div><\/div>\n","protected":false},"excerpt":{"rendered":"<p>Un projet pilot\u00e9 par Alain Longuet \/ Gabriel Soucheyre \/ St\u00e9phane Trois Carr\u00e9s [2014 &#8211; &#8230;.] L&rsquo;id\u00e9e directrice de Video_Age est de revisiter les derni\u00e8res d\u00e9cennies de la vid\u00e9o \u00e0 travers les images capt\u00e9es, les rushes, les productions diverses, installations, performances. Ces images m\u00e9moire proviennent \u00e0 la fois du fond d&rsquo;archives de VIDEOFORMES et de&#8230;<\/p>\n","protected":false},"author":1,"featured_media":0,"parent":0,"menu_order":0,"comment_status":"closed","ping_status":"closed","template":"","meta":{"_eb_attr":"","_kadence_starter_templates_imported_post":false,"_kad_post_transparent":"","_kad_post_title":"","_kad_post_layout":"","_kad_post_sidebar_id":"","_kad_post_content_style":"","_kad_post_vertical_padding":"","_kad_post_feature":"","_kad_post_feature_position":"","_kad_post_header":false,"_kad_post_footer":false,"_kad_post_classname":"","footnotes":""},"class_list":["post-483","page","type-page","status-publish","hentry"],"_links":{"self":[{"href":"https:\/\/alainlonguet.com\/index.php\/wp-json\/wp\/v2\/pages\/483","targetHints":{"allow":["GET"]}}],"collection":[{"href":"https:\/\/alainlonguet.com\/index.php\/wp-json\/wp\/v2\/pages"}],"about":[{"href":"https:\/\/alainlonguet.com\/index.php\/wp-json\/wp\/v2\/types\/page"}],"author":[{"embeddable":true,"href":"https:\/\/alainlonguet.com\/index.php\/wp-json\/wp\/v2\/users\/1"}],"replies":[{"embeddable":true,"href":"https:\/\/alainlonguet.com\/index.php\/wp-json\/wp\/v2\/comments?post=483"}],"version-history":[{"count":9,"href":"https:\/\/alainlonguet.com\/index.php\/wp-json\/wp\/v2\/pages\/483\/revisions"}],"predecessor-version":[{"id":688,"href":"https:\/\/alainlonguet.com\/index.php\/wp-json\/wp\/v2\/pages\/483\/revisions\/688"}],"wp:attachment":[{"href":"https:\/\/alainlonguet.com\/index.php\/wp-json\/wp\/v2\/media?parent=483"}],"curies":[{"name":"wp","href":"https:\/\/api.w.org\/{rel}","templated":true}]}}