{"id":503,"date":"2024-03-05T21:15:21","date_gmt":"2024-03-05T20:15:21","guid":{"rendered":"https:\/\/alainlonguet.com\/?page_id=503"},"modified":"2025-07-01T08:23:44","modified_gmt":"2025-07-01T06:23:44","slug":"b_long","status":"publish","type":"page","link":"https:\/\/alainlonguet.com\/index.php\/b_long\/","title":{"rendered":"B_Long"},"content":{"rendered":"\n<p><\/p>\n\n\n\n<p>Le pseudo <strong>B_LONG<\/strong> a \u00e9t\u00e9 cr\u00e9e en 2018. Il regroupe les \u0153uvres g\u00e9n\u00e9ratives r\u00e9alis\u00e9es par <a href=\"https:\/\/carolannbraun.notion.site\/Carol-Ann-BRAUN-7210806c8ca3417495e7701cb0c17977\">Carol-Ann BRAUN<\/a> et Alain LONGUET<\/p>\n\n\n\n<p><\/p>\n\n\n\n<p style=\"line-height:1.3\">\u25ba <strong>O&rsquo;Kiff \/ 2024<\/strong> &#8211; <em>animation g\u00e9n\u00e9rative 1920&#215;1080<\/em><br>Cr\u00e9ation pour le salon R\u00e9alit\u00e9s Nouvelles 2024, secteur Arts et Sciences<br><\/p>\n\n\n\n<div class=\"wp-block-columns is-layout-flex wp-container-core-columns-is-layout-9d6595d7 wp-block-columns-is-layout-flex\">\n<div class=\"wp-block-column is-layout-flow wp-block-column-is-layout-flow\" style=\"flex-basis:100%\"><style>.kb-image503_e55ee3-0f .kb-image-has-overlay:after{opacity:0.3;}<\/style>\n<figure class=\"wp-block-kadence-image kb-image503_e55ee3-0f size-full\"><img loading=\"lazy\" decoding=\"async\" width=\"1750\" height=\"1321\" src=\"https:\/\/alainlonguet.com\/wp-content\/uploads\/2025\/05\/2024_Okiff-CatalogueRA-scaled-e1746525324906.jpeg\" alt=\"\" class=\"kb-img wp-image-751\" srcset=\"https:\/\/alainlonguet.com\/wp-content\/uploads\/2025\/05\/2024_Okiff-CatalogueRA-scaled-e1746525324906.jpeg 1750w, https:\/\/alainlonguet.com\/wp-content\/uploads\/2025\/05\/2024_Okiff-CatalogueRA-scaled-e1746525324906-300x226.jpeg 300w, https:\/\/alainlonguet.com\/wp-content\/uploads\/2025\/05\/2024_Okiff-CatalogueRA-scaled-e1746525324906-1024x773.jpeg 1024w, https:\/\/alainlonguet.com\/wp-content\/uploads\/2025\/05\/2024_Okiff-CatalogueRA-scaled-e1746525324906-768x580.jpeg 768w, https:\/\/alainlonguet.com\/wp-content\/uploads\/2025\/05\/2024_Okiff-CatalogueRA-scaled-e1746525324906-1536x1159.jpeg 1536w\" sizes=\"auto, (max-width: 1750px) 100vw, 1750px\" \/><\/figure>\n<\/div>\n<\/div>\n\n\n\n<p style=\"margin-top:var(--wp--preset--spacing--80);margin-right:0;margin-bottom:var(--wp--preset--spacing--30);padding-top:var(--wp--preset--spacing--60);line-height:1.3\">\u25ba <strong>Raus \/ 2023<\/strong> &#8211; <em>animation g\u00e9n\u00e9rative 1920&#215;1080<\/em><br>Nouvelle version de Face P.I.L.(2019) avec une base de donn\u00e9es simplifi\u00e9e.<br>Prix <a href=\"https:\/\/www.lacritique.org\/une-oeuvre-procedurale-du-duo-b_long-en-quete-numerique-de-latelier\/\" data-type=\"link\" data-id=\"http:\/\/www.lacritique.org\/article-une-oeuvre-procedurale-du-duo-b-long-en-quete-numerique-de-l-atelier\" target=\"_blank\" rel=\"noreferrer noopener\">la critique.org au salon R\u00e9alit\u00e9s Nouvelles 2023<\/a><\/p>\n\n\n<style>.kb-image503_ae2bac-09.kb-image-is-ratio-size, .kb-image503_ae2bac-09 .kb-image-is-ratio-size{max-width:1000px;width:100%;}.wp-block-kadence-column > .kt-inside-inner-col > .kb-image503_ae2bac-09.kb-image-is-ratio-size, .wp-block-kadence-column > .kt-inside-inner-col > .kb-image503_ae2bac-09 .kb-image-is-ratio-size{align-self:unset;}.kb-image503_ae2bac-09{max-width:1000px;}.image-is-svg.kb-image503_ae2bac-09{-webkit-flex:0 1 100%;flex:0 1 100%;}.image-is-svg.kb-image503_ae2bac-09 img{width:100%;}.kb-image503_ae2bac-09 .kb-image-has-overlay:after{opacity:0.3;}<\/style>\n<figure class=\"wp-block-kadence-image kb-image503_ae2bac-09 size-large kb-image-is-ratio-size\"><div class=\"kb-is-ratio-image kb-image-ratio-land169\"><img decoding=\"async\" src=\"https:\/\/alainlonguet.com\/wp-content\/uploads\/2024\/03\/B_Long_Raus_2023-1024x576.jpg\" alt=\"\" class=\"kb-img wp-image-526\"\/><\/div><\/figure>\n\n\n\n<p style=\"margin-top:var(--wp--preset--spacing--80);margin-right:0;margin-bottom:var(--wp--preset--spacing--30);padding-top:var(--wp--preset--spacing--60);line-height:1.3\">\u25ba <strong>Skip_Back \/ 2022<\/strong> &#8211; <em>animation g\u00e9n\u00e9rative 1920&#215;1080<\/em><br>Une base d&rsquo;objets graphiques \u00e9l\u00e9mentaires \u00e9volue progressivement dans un cycle de 10&prime;<\/p>\n\n\n<style>.kb-image503_d9495b-39.kb-image-is-ratio-size, .kb-image503_d9495b-39 .kb-image-is-ratio-size{max-width:1000px;width:100%;}.wp-block-kadence-column > .kt-inside-inner-col > .kb-image503_d9495b-39.kb-image-is-ratio-size, .wp-block-kadence-column > .kt-inside-inner-col > .kb-image503_d9495b-39 .kb-image-is-ratio-size{align-self:unset;}.kb-image503_d9495b-39{max-width:1000px;}.image-is-svg.kb-image503_d9495b-39{-webkit-flex:0 1 100%;flex:0 1 100%;}.image-is-svg.kb-image503_d9495b-39 img{width:100%;}.kb-image503_d9495b-39 .kb-image-has-overlay:after{opacity:0.3;}<\/style>\n<figure class=\"wp-block-kadence-image kb-image503_d9495b-39 size-full\"><img loading=\"lazy\" decoding=\"async\" width=\"1920\" height=\"1080\" src=\"https:\/\/alainlonguet.com\/wp-content\/uploads\/2024\/03\/B_Long_Skipe-Back.jpg\" alt=\"\" class=\"kb-img wp-image-520\" srcset=\"https:\/\/alainlonguet.com\/wp-content\/uploads\/2024\/03\/B_Long_Skipe-Back.jpg 1920w, https:\/\/alainlonguet.com\/wp-content\/uploads\/2024\/03\/B_Long_Skipe-Back-300x169.jpg 300w, https:\/\/alainlonguet.com\/wp-content\/uploads\/2024\/03\/B_Long_Skipe-Back-1024x576.jpg 1024w, https:\/\/alainlonguet.com\/wp-content\/uploads\/2024\/03\/B_Long_Skipe-Back-768x432.jpg 768w, https:\/\/alainlonguet.com\/wp-content\/uploads\/2024\/03\/B_Long_Skipe-Back-1536x864.jpg 1536w\" sizes=\"auto, (max-width: 1920px) 100vw, 1920px\" \/><\/figure>\n\n\n\n<p style=\"margin-top:var(--wp--preset--spacing--80);margin-bottom:var(--wp--preset--spacing--30);padding-top:var(--wp--preset--spacing--60);line-height:1.3\">\u25ba <strong>By Twice<\/strong> <strong>\/ 2021<\/strong> &#8211; <em>animation g\u00e9n\u00e9rative sur 2 \u00e9crans 1080&#215;1920<\/em><br>Chaque \u00e9cran diffuse sa propre instance du m\u00eame algorithme, des combinaisons al\u00e9atoires d\u2019un m\u00eame ensemble d\u2019\u00e9l\u00e9ments.<br>La composition d&rsquo;ensemble \u00e9quilibre les rouages de l\u2019algorithme et les principes esth\u00e9tiques de la base de donn\u00e9es.<\/p>\n\n\n<style>.kb-image503_4251f5-48.kb-image-is-ratio-size, .kb-image503_4251f5-48 .kb-image-is-ratio-size{max-width:1000px;width:100%;}.wp-block-kadence-column > .kt-inside-inner-col > .kb-image503_4251f5-48.kb-image-is-ratio-size, .wp-block-kadence-column > .kt-inside-inner-col > .kb-image503_4251f5-48 .kb-image-is-ratio-size{align-self:unset;}.kb-image503_4251f5-48{max-width:1000px;}.image-is-svg.kb-image503_4251f5-48{-webkit-flex:0 1 100%;flex:0 1 100%;}.image-is-svg.kb-image503_4251f5-48 img{width:100%;}.kb-image503_4251f5-48 .kb-image-has-overlay:after{opacity:0.3;}<\/style>\n<figure class=\"wp-block-kadence-image kb-image503_4251f5-48 size-full\"><img loading=\"lazy\" decoding=\"async\" width=\"1920\" height=\"1554\" src=\"https:\/\/alainlonguet.com\/wp-content\/uploads\/2024\/03\/B_Long_By-Twice.jpg\" alt=\"\" class=\"kb-img wp-image-513\" srcset=\"https:\/\/alainlonguet.com\/wp-content\/uploads\/2024\/03\/B_Long_By-Twice.jpg 1920w, https:\/\/alainlonguet.com\/wp-content\/uploads\/2024\/03\/B_Long_By-Twice-300x243.jpg 300w, https:\/\/alainlonguet.com\/wp-content\/uploads\/2024\/03\/B_Long_By-Twice-1024x829.jpg 1024w, https:\/\/alainlonguet.com\/wp-content\/uploads\/2024\/03\/B_Long_By-Twice-768x622.jpg 768w, https:\/\/alainlonguet.com\/wp-content\/uploads\/2024\/03\/B_Long_By-Twice-1536x1243.jpg 1536w\" sizes=\"auto, (max-width: 1920px) 100vw, 1920px\" \/><\/figure>\n\n\n\n<p style=\"margin-top:var(--wp--preset--spacing--80);margin-right:0;margin-bottom:var(--wp--preset--spacing--30);padding-top:var(--wp--preset--spacing--60);line-height:1.3\"><strong>Face P.I.L.<\/strong> <strong>\/ 2019<\/strong> &#8211; <em>animation g\u00e9n\u00e9rative 1920&#215;1080<\/em><br>La composition avance \u00e0 petits pas par constructions et d\u00e9constructions successives. <br>Les motifs picturaux s\u2019animent en superposition dans un processus en devenir constant.<br>L\u2019approche partag\u00e9e par les deux auteurs est avant tout abstraite et picturale. <br>La programmation assemble de mani\u00e8re al\u00e9atoire des motifs g\u00e9om\u00e9triques photographi\u00e9s <br>par Carol-Ann Braun dans son atelier \u00abcivic tech\u00bb au P\u00f4le Innovant Lyc\u00e9en Lazare Ponticelli, \u00ab\u00a0le P.I.L.\u00a0\u00bb<\/p>\n\n\n<style>.kb-image503_136996-af.kb-image-is-ratio-size, .kb-image503_136996-af .kb-image-is-ratio-size{max-width:1000px;width:100%;}.wp-block-kadence-column > .kt-inside-inner-col > .kb-image503_136996-af.kb-image-is-ratio-size, .wp-block-kadence-column > .kt-inside-inner-col > .kb-image503_136996-af .kb-image-is-ratio-size{align-self:unset;}.kb-image503_136996-af{max-width:1000px;}.image-is-svg.kb-image503_136996-af{-webkit-flex:0 1 100%;flex:0 1 100%;}.image-is-svg.kb-image503_136996-af img{width:100%;}.kb-image503_136996-af .kb-image-has-overlay:after{opacity:0.3;}<\/style>\n<figure class=\"wp-block-kadence-image kb-image503_136996-af size-large kb-image-is-ratio-size\"><div class=\"kb-is-ratio-image kb-image-ratio-land169\"><img loading=\"lazy\" decoding=\"async\" width=\"1024\" height=\"576\" src=\"https:\/\/alainlonguet.com\/wp-content\/uploads\/2024\/03\/B_Long_FacePIL-1024x576.jpg\" alt=\"\" class=\"kb-img wp-image-507\" srcset=\"https:\/\/alainlonguet.com\/wp-content\/uploads\/2024\/03\/B_Long_FacePIL-1024x576.jpg 1024w, https:\/\/alainlonguet.com\/wp-content\/uploads\/2024\/03\/B_Long_FacePIL-300x169.jpg 300w, https:\/\/alainlonguet.com\/wp-content\/uploads\/2024\/03\/B_Long_FacePIL-768x432.jpg 768w, https:\/\/alainlonguet.com\/wp-content\/uploads\/2024\/03\/B_Long_FacePIL-1536x864.jpg 1536w, https:\/\/alainlonguet.com\/wp-content\/uploads\/2024\/03\/B_Long_FacePIL.jpg 1920w\" sizes=\"auto, (max-width: 1024px) 100vw, 1024px\" \/><\/div><\/figure>\n","protected":false},"excerpt":{"rendered":"<p>Le pseudo B_LONG a \u00e9t\u00e9 cr\u00e9e en 2018. Il regroupe les \u0153uvres g\u00e9n\u00e9ratives r\u00e9alis\u00e9es par Carol-Ann BRAUN et Alain LONGUET \u25ba O&rsquo;Kiff \/ 2024 &#8211; animation g\u00e9n\u00e9rative 1920&#215;1080Cr\u00e9ation pour le salon R\u00e9alit\u00e9s Nouvelles 2024, secteur Arts et Sciences \u25ba Raus \/ 2023 &#8211; animation g\u00e9n\u00e9rative 1920&#215;1080Nouvelle version de Face P.I.L.(2019) avec une base de donn\u00e9es&#8230;<\/p>\n","protected":false},"author":1,"featured_media":0,"parent":0,"menu_order":0,"comment_status":"closed","ping_status":"closed","template":"","meta":{"_eb_attr":"","_kadence_starter_templates_imported_post":false,"_kad_post_transparent":"","_kad_post_title":"","_kad_post_layout":"","_kad_post_sidebar_id":"","_kad_post_content_style":"","_kad_post_vertical_padding":"","_kad_post_feature":"","_kad_post_feature_position":"","_kad_post_header":false,"_kad_post_footer":false,"_kad_post_classname":"","footnotes":""},"class_list":["post-503","page","type-page","status-publish","hentry"],"_links":{"self":[{"href":"https:\/\/alainlonguet.com\/index.php\/wp-json\/wp\/v2\/pages\/503","targetHints":{"allow":["GET"]}}],"collection":[{"href":"https:\/\/alainlonguet.com\/index.php\/wp-json\/wp\/v2\/pages"}],"about":[{"href":"https:\/\/alainlonguet.com\/index.php\/wp-json\/wp\/v2\/types\/page"}],"author":[{"embeddable":true,"href":"https:\/\/alainlonguet.com\/index.php\/wp-json\/wp\/v2\/users\/1"}],"replies":[{"embeddable":true,"href":"https:\/\/alainlonguet.com\/index.php\/wp-json\/wp\/v2\/comments?post=503"}],"version-history":[{"count":37,"href":"https:\/\/alainlonguet.com\/index.php\/wp-json\/wp\/v2\/pages\/503\/revisions"}],"predecessor-version":[{"id":928,"href":"https:\/\/alainlonguet.com\/index.php\/wp-json\/wp\/v2\/pages\/503\/revisions\/928"}],"wp:attachment":[{"href":"https:\/\/alainlonguet.com\/index.php\/wp-json\/wp\/v2\/media?parent=503"}],"curies":[{"name":"wp","href":"https:\/\/api.w.org\/{rel}","templated":true}]}}